{"id":96,"date":"2017-02-08T15:25:53","date_gmt":"2017-02-08T14:25:53","guid":{"rendered":"http:\/\/www.hbb.se\/?page_id=96"},"modified":"2018-01-04T17:26:01","modified_gmt":"2018-01-04T16:26:01","slug":"instant-hot-spot","status":"publish","type":"page","link":"https:\/\/www.hbb.se\/index.php\/instant-hot-spot\/","title":{"rendered":"Instant Hot Spot"},"content":{"rendered":"<p>[et_pb_section bb_built=&#8221;1&#8243; admin_label=&#8221;section&#8221; background_image=&#8221;http:\/\/www.hbb.se\/wp-content\/uploads\/2017\/02\/fjell-copy.jpg&#8221; transparent_background=&#8221;off&#8221; allow_player_pause=&#8221;off&#8221; inner_shadow=&#8221;on&#8221; parallax=&#8221;on&#8221; parallax_method=&#8221;off&#8221; make_fullwidth=&#8221;off&#8221; use_custom_width=&#8221;off&#8221; width_unit=&#8221;on&#8221; make_equal=&#8221;off&#8221; use_custom_gutter=&#8221;off&#8221;][et_pb_row background_position=&#8221;top_left&#8221; background_repeat=&#8221;repeat&#8221; background_size=&#8221;initial&#8221;][et_pb_column type=&#8221;4_4&#8243;][et_pb_divider color=&#8221;#ffffff&#8221; show_divider=&#8221;off&#8221; height=&#8221;200&#8243; divider_style=&#8221;solid&#8221; divider_position=&#8221;top&#8221; hide_on_mobile=&#8221;on&#8221; disabled_on=&#8221;on|on|off&#8221; \/][\/et_pb_column][\/et_pb_row][et_pb_row admin_label=&#8221;row&#8221; make_fullwidth=&#8221;off&#8221; use_custom_width=&#8221;off&#8221; width_unit=&#8221;on&#8221; use_custom_gutter=&#8221;off&#8221; custom_padding=&#8221;|20px||20px&#8221; background_color=&#8221;rgba(255,255,255,0.9)&#8221; allow_player_pause=&#8221;off&#8221; parallax=&#8221;off&#8221; parallax_method=&#8221;off&#8221; make_equal=&#8221;off&#8221; parallax_1=&#8221;off&#8221; parallax_method_1=&#8221;off&#8221; background_position=&#8221;top_left&#8221; background_repeat=&#8221;repeat&#8221; background_size=&#8221;initial&#8221;][et_pb_column type=&#8221;4_4&#8243;][et_pb_text background_layout=&#8221;light&#8221; text_orientation=&#8221;left&#8221; use_border_color=&#8221;off&#8221; border_color=&#8221;#ffffff&#8221; border_style=&#8221;solid&#8221; background_position=&#8221;top_left&#8221; background_repeat=&#8221;repeat&#8221; background_size=&#8221;initial&#8221;]<\/p>\n<h1 style=\"text-align: center;\"><strong>INSTANT HOT SPOT<\/strong><\/h1>\n<p>[\/et_pb_text][\/et_pb_column][\/et_pb_row][et_pb_row admin_label=&#8221;row&#8221; make_fullwidth=&#8221;off&#8221; use_custom_width=&#8221;off&#8221; width_unit=&#8221;on&#8221; use_custom_gutter=&#8221;off&#8221; custom_padding=&#8221;|20px||20px&#8221; background_color=&#8221;rgba(255,255,255,0.9)&#8221; allow_player_pause=&#8221;off&#8221; parallax=&#8221;off&#8221; parallax_method=&#8221;off&#8221; make_equal=&#8221;off&#8221; parallax_1=&#8221;off&#8221; parallax_method_1=&#8221;off&#8221; background_position=&#8221;top_left&#8221; background_repeat=&#8221;repeat&#8221; background_size=&#8221;initial&#8221;][et_pb_column type=&#8221;2_3&#8243;][et_pb_text background_layout=&#8221;light&#8221; text_orientation=&#8221;left&#8221; use_border_color=&#8221;off&#8221; border_color=&#8221;#ffffff&#8221; border_style=&#8221;solid&#8221; background_position=&#8221;top_left&#8221; background_repeat=&#8221;repeat&#8221; background_size=&#8221;initial&#8221;]<\/p>\n<p>En liten effektiv v\u00e4rmek\u00e4lla som \u00e4r bra att ha med i olika kalla milj\u00f6er, som t.ex. p\u00e5 skidturen, fj\u00e4llvandringen eller p\u00e5 jaktpasset ute i skogen som extra v\u00e4rme om du b\u00f6rjar frysa.<\/p>\n<p>Dynan passar perfekt att stoppa i en t.ex. en k\u00e4nga eller handske.<br \/>\nDynan aktiveras genom en tryckknapp och avger d\u00e5 54\u00b0C.<\/p>\n<p>Efter anv\u00e4ndning s\u00e5 \u00e5terladdar man dynan i en kastrull med sjudande vatten i ca 5-10 minuter.<br \/>\nKan \u00e5terladdas mer \u00e4n 100 ggr.<\/p>\n<p>Artikelnummer: 04-008<\/p>\n<p>F\u00f6rpackning: 6&#215;2-pack<\/p>\n<p>Transportkartong: 12 x 6 st 2-pack<\/p>\n<p>EAN-kod: 7391133000597<\/p>\n<p>[\/et_pb_text][et_pb_contact_form captcha=&#8221;on&#8221; title=&#8221;Vill du veta mer om Instant Hot Spot?&#8221; use_redirect=&#8221;off&#8221; success_message=&#8221;Vi tar kontakt med dig inom kort!&#8221; form_background_color=&#8221;#ffffff&#8221; form_field_text_color=&#8221;#000000&#8243; use_border_color=&#8221;off&#8221; custom_button=&#8221;off&#8221; button_icon_placement=&#8221;right&#8221; saved_tabs=&#8221;all&#8221; email=&#8221;info@hbb.se&#8221; border_radii=&#8221;on|1px|1px|1px|1px&#8221; _builder_version=&#8221;3.0.93&#8243;][et_pb_contact_field field_title=&#8221;Namn&#8221; field_type=&#8221;input&#8221; field_id=&#8221;Name&#8221; required_mark=&#8221;on&#8221; fullwidth_field=&#8221;off&#8221;] [\/et_pb_contact_field][et_pb_contact_field field_title=&#8221;E-postadress&#8221; field_type=&#8221;email&#8221; field_id=&#8221;Email&#8221; required_mark=&#8221;on&#8221; fullwidth_field=&#8221;off&#8221;] [\/et_pb_contact_field][et_pb_contact_field field_title=&#8221;Fr\u00e5ga ang Instant Hot Spot?&#8221; field_type=&#8221;text&#8221; field_id=&#8221;Message&#8221; required_mark=&#8221;on&#8221; fullwidth_field=&#8221;on&#8221; form_field_font_select=&#8221;default&#8221; form_field_font=&#8221;||||&#8221; use_border_color=&#8221;off&#8221; border_style=&#8221;solid&#8221; input_border_radius=&#8221;0&#8243;] [\/et_pb_contact_field][\/et_pb_contact_form][\/et_pb_column][et_pb_column type=&#8221;1_3&#8243;][et_pb_image show_in_lightbox=&#8221;on&#8221; url_new_window=&#8221;off&#8221; use_overlay=&#8221;off&#8221; animation=&#8221;fade_in&#8221; sticky=&#8221;off&#8221; align=&#8221;left&#8221; force_fullwidth=&#8221;on&#8221; always_center_on_mobile=&#8221;on&#8221; use_border_color=&#8221;off&#8221; border_color=&#8221;#ffffff&#8221; border_style=&#8221;solid&#8221; src=&#8221;http:\/\/www.hbb.se\/wp-content\/uploads\/2017\/02\/Instant_hotspot.jpg&#8221; animation_style=&#8221;fade&#8221; animation_duration=&#8221;500ms&#8221; animation_intensity_slide=&#8221;10%&#8221; animation_direction=&#8221;center&#8221; show_bottom_space=&#8221;on&#8221; \/][et_pb_text background_layout=&#8221;light&#8221; text_orientation=&#8221;left&#8221; use_border_color=&#8221;off&#8221; border_color=&#8221;#ffffff&#8221; border_style=&#8221;solid&#8221; background_position=&#8221;top_left&#8221; background_repeat=&#8221;repeat&#8221; background_size=&#8221;initial&#8221;]<\/p>\n<p><em>L\u00e4s instruktionerna p\u00e5 f\u00f6rpackningen innan anv\u00e4ndning.\u00a0<\/em><\/p>\n<p>[\/et_pb_text][\/et_pb_column][\/et_pb_row][et_pb_row background_position=&#8221;top_left&#8221; background_repeat=&#8221;repeat&#8221; background_size=&#8221;initial&#8221;][et_pb_column type=&#8221;4_4&#8243;][et_pb_divider color=&#8221;#ffffff&#8221; show_divider=&#8221;off&#8221; height=&#8221;300&#8243; divider_style=&#8221;solid&#8221; divider_position=&#8221;top&#8221; hide_on_mobile=&#8221;on&#8221; disabled_on=&#8221;on|on|off&#8221; \/][\/et_pb_column][\/et_pb_row][\/et_pb_section]<\/p>\n","protected":false},"excerpt":{"rendered":"<p>INSTANT HOT SPOT En liten effektiv v\u00e4rmek\u00e4lla som \u00e4r bra att ha med i olika kalla milj\u00f6er, som t.ex. p\u00e5 skidturen, fj\u00e4llvandringen eller p\u00e5 jaktpasset ute i skogen som extra v\u00e4rme om du b\u00f6rjar frysa. Dynan passar perfekt att stoppa i en t.ex. en k\u00e4nga eller handske. Dynan aktiveras genom en tryckknapp och avger d\u00e5 [&hellip;]<\/p>\n","protected":false},"author":2,"featured_media":0,"parent":0,"menu_order":0,"comment_status":"closed","ping_status":"closed","template":"","meta":{"_et_pb_use_builder":"on","_et_pb_old_content":"","_et_gb_content_width":"","footnotes":""},"class_list":["post-96","page","type-page","status-publish","hentry"],"_links":{"self":[{"href":"https:\/\/www.hbb.se\/index.php\/wp-json\/wp\/v2\/pages\/96","targetHints":{"allow":["GET"]}}],"collection":[{"href":"https:\/\/www.hbb.se\/index.php\/wp-json\/wp\/v2\/pages"}],"about":[{"href":"https:\/\/www.hbb.se\/index.php\/wp-json\/wp\/v2\/types\/page"}],"author":[{"embeddable":true,"href":"https:\/\/www.hbb.se\/index.php\/wp-json\/wp\/v2\/users\/2"}],"replies":[{"embeddable":true,"href":"https:\/\/www.hbb.se\/index.php\/wp-json\/wp\/v2\/comments?post=96"}],"version-history":[{"count":9,"href":"https:\/\/www.hbb.se\/index.php\/wp-json\/wp\/v2\/pages\/96\/revisions"}],"predecessor-version":[{"id":267,"href":"https:\/\/www.hbb.se\/index.php\/wp-json\/wp\/v2\/pages\/96\/revisions\/267"}],"wp:attachment":[{"href":"https:\/\/www.hbb.se\/index.php\/wp-json\/wp\/v2\/media?parent=96"}],"curies":[{"name":"wp","href":"https:\/\/api.w.org\/{rel}","templated":true}]}}