{"id":54,"date":"2017-01-31T12:48:03","date_gmt":"2017-01-31T11:48:03","guid":{"rendered":"http:\/\/www.hbb.se\/?page_id=54"},"modified":"2021-02-11T13:02:04","modified_gmt":"2021-02-11T12:02:04","slug":"starsida","status":"publish","type":"page","link":"https:\/\/www.hbb.se\/","title":{"rendered":"Startsida"},"content":{"rendered":"<p>[et_pb_section fb_built=&#8221;1&#8243; inner_shadow=&#8221;on&#8221; admin_label=&#8221;section&#8221; _builder_version=&#8221;3.22&#8243; background_image=&#8221;http:\/\/www.hbb.se\/wp-content\/uploads\/2017\/02\/Sno_gata3.jpg&#8221; parallax=&#8221;on&#8221; parallax_method=&#8221;off&#8221; transparent_background=&#8221;off&#8221; make_fullwidth=&#8221;off&#8221; use_custom_width=&#8221;off&#8221; width_unit=&#8221;on&#8221;][et_pb_row _builder_version=&#8221;3.25&#8243; background_size=&#8221;initial&#8221; background_position=&#8221;top_left&#8221; background_repeat=&#8221;repeat&#8221;][et_pb_column type=&#8221;4_4&#8243; _builder_version=&#8221;3.25&#8243; custom_padding=&#8221;|||&#8221; custom_padding__hover=&#8221;|||&#8221;][et_pb_divider show_divider=&#8221;off&#8221; disabled_on=&#8221;on|on|off&#8221; _builder_version=&#8221;3.23.4&#8243; height=&#8221;100px&#8221; hide_on_mobile=&#8221;on&#8221;]<br \/>\n[\/et_pb_divider][\/et_pb_column][\/et_pb_row][et_pb_row column_structure=&#8221;1_4,1_4,1_4,1_4&#8243; _builder_version=&#8221;3.25&#8243; background_color=&#8221;rgba(255,255,255,0.9)&#8221; background_size=&#8221;initial&#8221; background_position=&#8221;top_left&#8221; background_repeat=&#8221;repeat&#8221; custom_padding=&#8221;|20px||20px&#8221; make_fullwidth=&#8221;off&#8221; use_custom_width=&#8221;off&#8221; width_unit=&#8221;on&#8221;][et_pb_column type=&#8221;1_4&#8243; _builder_version=&#8221;3.25&#8243; custom_padding=&#8221;|||&#8221; custom_padding__hover=&#8221;|||&#8221;][et_pb_image src=&#8221;http:\/\/www.hbb.se\/wp-content\/uploads\/2017\/02\/slipstoppers_heel2.png&#8221; url=&#8221;http:\/\/www.hbb.se\/index.php\/slip-stoppers-heel\/&#8221; url_new_window=&#8221;on&#8221; use_overlay=&#8221;on&#8221; hover_icon=&#8221;%%40%%&#8221; align=&#8221;center&#8221; align_tablet=&#8221;center&#8221; align_phone=&#8221;&#8221; align_last_edited=&#8221;on|desktop&#8221; _builder_version=&#8221;3.23&#8243; animation=&#8221;off&#8221; sticky=&#8221;off&#8221; use_border_color=&#8221;off&#8221; border_color=&#8221;#ffffff&#8221; border_style=&#8221;solid&#8221; always_center_on_mobile=&#8221;on&#8221;]<br \/>\n[\/et_pb_image][et_pb_text _builder_version=&#8221;3.27.4&#8243; background_size=&#8221;initial&#8221; background_position=&#8221;top_left&#8221; background_repeat=&#8221;repeat&#8221; text_orientation=&#8221;center&#8221; module_alignment=&#8221;center&#8221; use_border_color=&#8221;off&#8221; border_color=&#8221;#ffffff&#8221; border_style=&#8221;solid&#8221;]<\/p>\n<h3 style=\"text-align: center;\"><strong>SLIP STOPPER HEEL<\/strong><\/h3>\n<p>[\/et_pb_text][\/et_pb_column][et_pb_column type=&#8221;1_4&#8243; _builder_version=&#8221;3.25&#8243; custom_padding=&#8221;|||&#8221; custom_padding__hover=&#8221;|||&#8221;][et_pb_image src=&#8221;http:\/\/www.hbb.se\/wp-content\/uploads\/2017\/01\/slipstoppers.png&#8221; url=&#8221;http:\/\/www.hbb.se\/index.php\/slip-stoppers-heel\/&#8221; url_new_window=&#8221;on&#8221; use_overlay=&#8221;on&#8221; hover_icon=&#8221;%%40%%&#8221; align=&#8221;center&#8221; align_tablet=&#8221;center&#8221; align_phone=&#8221;&#8221; align_last_edited=&#8221;on|desktop&#8221; _builder_version=&#8221;3.23&#8243; animation=&#8221;off&#8221; sticky=&#8221;off&#8221; use_border_color=&#8221;off&#8221; border_color=&#8221;#ffffff&#8221; border_style=&#8221;solid&#8221; always_center_on_mobile=&#8221;on&#8221;]<br \/>\n[\/et_pb_image][et_pb_text _builder_version=&#8221;3.27.4&#8243; background_size=&#8221;initial&#8221; background_position=&#8221;top_left&#8221; background_repeat=&#8221;repeat&#8221; text_orientation=&#8221;center&#8221; module_alignment=&#8221;center&#8221; use_border_color=&#8221;off&#8221; border_color=&#8221;#ffffff&#8221; border_style=&#8221;solid&#8221;]<\/p>\n<h3 style=\"text-align: center;\"><strong>SLIP STOPPER<\/strong><\/h3>\n<p>[\/et_pb_text][\/et_pb_column][et_pb_column type=&#8221;1_4&#8243; _builder_version=&#8221;3.25&#8243; custom_padding=&#8221;|||&#8221; custom_padding__hover=&#8221;|||&#8221;][et_pb_image src=&#8221;http:\/\/www.hbb.se\/wp-content\/uploads\/2017\/01\/Instant_hotspot.png&#8221; url=&#8221;http:\/\/www.hbb.se\/index.php\/instant-hot-spot\/&#8221; url_new_window=&#8221;on&#8221; use_overlay=&#8221;on&#8221; hover_icon=&#8221;%%40%%&#8221; align=&#8221;center&#8221; align_tablet=&#8221;center&#8221; align_phone=&#8221;&#8221; align_last_edited=&#8221;on|desktop&#8221; _builder_version=&#8221;3.23&#8243; animation=&#8221;off&#8221; sticky=&#8221;off&#8221; use_border_color=&#8221;off&#8221; border_color=&#8221;#ffffff&#8221; border_style=&#8221;solid&#8221; always_center_on_mobile=&#8221;on&#8221;]<br \/>\n[\/et_pb_image][et_pb_text _builder_version=&#8221;3.27.4&#8243; background_size=&#8221;initial&#8221; background_position=&#8221;top_left&#8221; background_repeat=&#8221;repeat&#8221; text_orientation=&#8221;center&#8221; module_alignment=&#8221;center&#8221; use_border_color=&#8221;off&#8221; border_color=&#8221;#ffffff&#8221; border_style=&#8221;solid&#8221;]<\/p>\n<div class=\"et_pb_text et_pb_module et_pb_bg_layout_light et_pb_text_align_left et_pb_text_0\">\n<h3 style=\"text-align: center;\"><strong>INSTANT HOT SPOT<\/strong><\/h3>\n<\/div>\n<p>[\/et_pb_text][\/et_pb_column][et_pb_column type=&#8221;1_4&#8243; _builder_version=&#8221;3.25&#8243; custom_padding=&#8221;|||&#8221; custom_padding__hover=&#8221;|||&#8221;][et_pb_image src=&#8221;http:\/\/www.hbb.se\/wp-content\/uploads\/2017\/02\/hotspot_PAD.png&#8221; url=&#8221;http:\/\/www.hbb.se\/index.php\/hotspot_vp\/&#8221; url_new_window=&#8221;on&#8221; use_overlay=&#8221;on&#8221; hover_icon=&#8221;%%40%%&#8221; align=&#8221;center&#8221; align_tablet=&#8221;center&#8221; align_phone=&#8221;&#8221; align_last_edited=&#8221;on|desktop&#8221; _builder_version=&#8221;3.23&#8243; animation=&#8221;off&#8221; sticky=&#8221;off&#8221; use_border_color=&#8221;off&#8221; border_color=&#8221;#ffffff&#8221; border_style=&#8221;solid&#8221; always_center_on_mobile=&#8221;on&#8221;]<br \/>\n[\/et_pb_image][et_pb_text _builder_version=&#8221;3.27.4&#8243; background_size=&#8221;initial&#8221; background_position=&#8221;top_left&#8221; background_repeat=&#8221;repeat&#8221; text_orientation=&#8221;center&#8221; module_alignment=&#8221;center&#8221; use_border_color=&#8221;off&#8221; border_color=&#8221;#ffffff&#8221; border_style=&#8221;solid&#8221;]<\/p>\n<div class=\"et_pb_text et_pb_module et_pb_bg_layout_light et_pb_text_align_left et_pb_text_0\">\n<h3 style=\"text-align: center;\"><strong>HOT SPOT \u2013 V\u00c4RMEP\u00c5SE<br \/><\/strong><\/h3>\n<\/div>\n<p>[\/et_pb_text][\/et_pb_column][\/et_pb_row][et_pb_row admin_label=&#8221;row&#8221; _builder_version=&#8221;3.25&#8243; background_color=&#8221;rgba(255,255,255,0.9)&#8221; background_size=&#8221;initial&#8221; background_position=&#8221;top_left&#8221; background_repeat=&#8221;repeat&#8221; custom_padding=&#8221;|20px||20px&#8221; make_fullwidth=&#8221;off&#8221; use_custom_width=&#8221;off&#8221; width_unit=&#8221;on&#8221;][et_pb_column type=&#8221;4_4&#8243; _builder_version=&#8221;3.25&#8243; custom_padding=&#8221;|||&#8221; custom_padding__hover=&#8221;|||&#8221;][et_pb_text _builder_version=&#8221;3.27.4&#8243; background_size=&#8221;initial&#8221; background_position=&#8221;top_left&#8221; background_repeat=&#8221;repeat&#8221; use_border_color=&#8221;off&#8221;]<\/p>\n<h1 style=\"text-align: center;\"><strong>V\u00c4LKOMMEN TILL HBB \u2013 <\/strong><strong>Hot Brands Business AB<\/strong><\/h1>\n<p>[\/et_pb_text][et_pb_text _builder_version=&#8221;3.27.4&#8243; background_size=&#8221;initial&#8221; background_position=&#8221;top_left&#8221; background_repeat=&#8221;repeat&#8221; use_border_color=&#8221;off&#8221; border_color=&#8221;#ffffff&#8221; border_style=&#8221;solid&#8221;]<\/p>\n<p>Vi \u00e4r ett lagerh\u00e5llande importf\u00f6retag som endast s\u00e4ljer produkter via grossister och \u00c5F. V\u00e5ra produktomr\u00e5den \u00e4r i f\u00f6rsta hand: v\u00e4rme och halkskyddsprodukter \u2013 allt f\u00f6r m\u00e4nniskors v\u00e4lbefinnande och s\u00e4kerhet. De flesta av v\u00e5ra produkter tillverkas i Fj\u00e4rran \u00d6stern och vi hj\u00e4lper g\u00e4rna till med design och funktion. Det l\u00f6nar sig alltid att fr\u00e5ga oss d\u00e5 vi har mer \u00e4n 40 \u00e5rs erfarenhet av specialtillverkning. En annan verksamhetsgren \u00e4r trading, dvs vi tillverkar artiklar i egen design f\u00f6r respektive kund direkt hos fabriker i Fj\u00e4rran \u00d6stern. Vi har v\u00e5rt huvudkontor och lager i Stockholm.<\/p>\n<p>[\/et_pb_text][\/et_pb_column][\/et_pb_row][et_pb_row admin_label=&#8221;row&#8221; _builder_version=&#8221;3.25&#8243; background_color=&#8221;rgba(255,255,255,0.9)&#8221; background_size=&#8221;initial&#8221; background_position=&#8221;top_left&#8221; background_repeat=&#8221;repeat&#8221; custom_padding=&#8221;|20px||20px&#8221; make_fullwidth=&#8221;off&#8221; use_custom_width=&#8221;off&#8221; width_unit=&#8221;on&#8221;][et_pb_column type=&#8221;4_4&#8243; _builder_version=&#8221;3.25&#8243; custom_padding=&#8221;|||&#8221; custom_padding__hover=&#8221;|||&#8221;][et_pb_text _builder_version=&#8221;4.7.7&#8243; background_size=&#8221;initial&#8221; background_position=&#8221;top_left&#8221; background_repeat=&#8221;repeat&#8221; use_border_color=&#8221;off&#8221; border_color=&#8221;#ffffff&#8221; border_style=&#8221;solid&#8221;]<\/p>\n<p><strong>Bland v\u00e5ra \u00e5terf\u00f6rs\u00e4ljare kan n\u00e4mnas:<\/strong><\/p>\n<p><a href=\"https:\/\/www.skydda.se\/skyddase\/sv\"><strong>Skydda<\/strong><\/a><\/p>\n<p><a href=\"https:\/\/www.apotea.se\/\"><strong>Apotea<\/strong><\/a><\/p>\n<p>[\/et_pb_text][\/et_pb_column][\/et_pb_row][et_pb_row admin_label=&#8221;row&#8221; _builder_version=&#8221;3.25&#8243; background_color=&#8221;rgba(255,255,255,0.9)&#8221; background_size=&#8221;initial&#8221; background_position=&#8221;top_left&#8221; background_repeat=&#8221;repeat&#8221; custom_padding=&#8221;|20px||20px&#8221; make_fullwidth=&#8221;off&#8221; use_custom_width=&#8221;off&#8221; width_unit=&#8221;on&#8221;][et_pb_column type=&#8221;4_4&#8243; _builder_version=&#8221;3.25&#8243; custom_padding=&#8221;|||&#8221; custom_padding__hover=&#8221;|||&#8221;][et_pb_text _builder_version=&#8221;3.27.4&#8243; background_size=&#8221;initial&#8221; background_position=&#8221;top_left&#8221; background_repeat=&#8221;repeat&#8221; use_border_color=&#8221;off&#8221; border_color=&#8221;#ffffff&#8221; border_style=&#8221;solid&#8221;]<\/p>\n<h3 style=\"text-align: center;\"><strong>HBB Hot Brands Business AB<br \/><\/strong><\/h3>\n<p>[\/et_pb_text][\/et_pb_column][\/et_pb_row][et_pb_row column_structure=&#8221;1_2,1_2&#8243; _builder_version=&#8221;3.25&#8243; background_color=&#8221;rgba(255,255,255,0.9)&#8221; background_size=&#8221;initial&#8221; background_position=&#8221;top_left&#8221; background_repeat=&#8221;repeat&#8221; custom_padding=&#8221;|20px||20px&#8221; make_fullwidth=&#8221;off&#8221; use_custom_width=&#8221;off&#8221; width_unit=&#8221;on&#8221; global_module=&#8221;80&#8243;][et_pb_column type=&#8221;1_2&#8243; _builder_version=&#8221;3.25&#8243; custom_padding=&#8221;|||&#8221; custom_padding__hover=&#8221;|||&#8221;][et_pb_text _builder_version=&#8221;4.7.7&#8243; background_size=&#8221;initial&#8221; background_position=&#8221;top_left&#8221; background_repeat=&#8221;repeat&#8221; use_border_color=&#8221;off&#8221; border_color=&#8221;#ffffff&#8221; border_style=&#8221;solid&#8221;]<\/p>\n<p style=\"text-align: center;\"><strong>Kontakt:<\/strong><\/p>\n<p style=\"text-align: center;\"><strong>Fax: <\/strong>+46 (0)8 872905<\/p>\n<p style=\"text-align: center;\"><strong>Epost\/Email:<\/strong> info@hbb.se<\/p>\n<p>[\/et_pb_text][\/et_pb_column][et_pb_column type=&#8221;1_2&#8243; _builder_version=&#8221;3.25&#8243; custom_padding=&#8221;|||&#8221; custom_padding__hover=&#8221;|||&#8221;][et_pb_text _builder_version=&#8221;4.7.7&#8243; background_size=&#8221;initial&#8221; background_position=&#8221;top_left&#8221; background_repeat=&#8221;repeat&#8221; use_border_color=&#8221;off&#8221; border_color=&#8221;#ffffff&#8221; border_style=&#8221;solid&#8221;]<\/p>\n<p style=\"text-align: center;\"><strong>Mobiltel\/Cell phones:<\/strong><\/p>\n<p style=\"text-align: center;\"><strong>Martin von Essen<\/strong>: +46 (0)70 728 50 51<\/p>\n<p style=\"text-align: center;\"><strong>Leif Ekl\u00f6f<\/strong>: +46 (0)70 642 31 40<\/p>\n<p>[\/et_pb_text][\/et_pb_column][\/et_pb_row][et_pb_row _builder_version=&#8221;3.25&#8243; background_size=&#8221;initial&#8221; background_position=&#8221;top_left&#8221; background_repeat=&#8221;repeat&#8221;][et_pb_column type=&#8221;4_4&#8243; _builder_version=&#8221;3.25&#8243; custom_padding=&#8221;|||&#8221; custom_padding__hover=&#8221;|||&#8221;][et_pb_divider show_divider=&#8221;off&#8221; disabled_on=&#8221;on|on|off&#8221; _builder_version=&#8221;3.23.4&#8243; height=&#8221;300px&#8221; hide_on_mobile=&#8221;on&#8221;]<br \/>\n[\/et_pb_divider][\/et_pb_column][\/et_pb_row][\/et_pb_section]<\/p>\n","protected":false},"excerpt":{"rendered":"<p>SLIP STOPPER HEEL SLIP STOPPER INSTANT HOT SPOT HOT SPOT \u2013 V\u00c4RMEP\u00c5SE V\u00c4LKOMMEN TILL HBB \u2013 Hot Brands Business AB Vi \u00e4r ett lagerh\u00e5llande importf\u00f6retag som endast s\u00e4ljer produkter via grossister och \u00c5F. V\u00e5ra produktomr\u00e5den \u00e4r i f\u00f6rsta hand: v\u00e4rme och halkskyddsprodukter \u2013 allt f\u00f6r m\u00e4nniskors v\u00e4lbefinnande och s\u00e4kerhet. De flesta av v\u00e5ra produkter tillverkas [&hellip;]<\/p>\n","protected":false},"author":2,"featured_media":0,"parent":0,"menu_order":0,"comment_status":"closed","ping_status":"closed","template":"","meta":{"_et_pb_use_builder":"on","_et_pb_old_content":"","_et_gb_content_width":"","footnotes":""},"class_list":["post-54","page","type-page","status-publish","hentry"],"_links":{"self":[{"href":"https:\/\/www.hbb.se\/index.php\/wp-json\/wp\/v2\/pages\/54","targetHints":{"allow":["GET"]}}],"collection":[{"href":"https:\/\/www.hbb.se\/index.php\/wp-json\/wp\/v2\/pages"}],"about":[{"href":"https:\/\/www.hbb.se\/index.php\/wp-json\/wp\/v2\/types\/page"}],"author":[{"embeddable":true,"href":"https:\/\/www.hbb.se\/index.php\/wp-json\/wp\/v2\/users\/2"}],"replies":[{"embeddable":true,"href":"https:\/\/www.hbb.se\/index.php\/wp-json\/wp\/v2\/comments?post=54"}],"version-history":[{"count":34,"href":"https:\/\/www.hbb.se\/index.php\/wp-json\/wp\/v2\/pages\/54\/revisions"}],"predecessor-version":[{"id":286,"href":"https:\/\/www.hbb.se\/index.php\/wp-json\/wp\/v2\/pages\/54\/revisions\/286"}],"wp:attachment":[{"href":"https:\/\/www.hbb.se\/index.php\/wp-json\/wp\/v2\/media?parent=54"}],"curies":[{"name":"wp","href":"https:\/\/api.w.org\/{rel}","templated":true}]}}